{"id":777,"date":"2021-07-26T09:40:27","date_gmt":"2021-07-26T07:40:27","guid":{"rendered":"http:\/\/localhost\/medi-landkompass2\/?page_id=777"},"modified":"2024-01-03T13:26:44","modified_gmt":"2024-01-03T12:26:44","slug":"impressum","status":"publish","type":"page","link":"https:\/\/medi-landkompass.de\/index.php\/impressum\/","title":{"rendered":"Impressum"},"content":{"rendered":"\t\t<div data-elementor-type=\"wp-page\" data-elementor-id=\"777\" class=\"elementor elementor-777\" data-elementor-post-type=\"page\">\n\t\t\t\t\t\t<section class=\"elementor-section elementor-top-section elementor-element elementor-element-f37226e elementor-section-boxed elementor-section-height-default elementor-section-height-default\" data-id=\"f37226e\" data-element_type=\"section\" data-e-type=\"section\" data-settings=\"{&quot;background_background&quot;:&quot;classic&quot;}\">\n\t\t\t\t\t\t<div class=\"elementor-container elementor-column-gap-default\">\n\t\t\t\t\t<div class=\"elementor-column elementor-col-100 elementor-top-column elementor-element elementor-element-936c43c\" data-id=\"936c43c\" data-element_type=\"column\" data-e-type=\"column\">\n\t\t\t<div class=\"elementor-widget-wrap elementor-element-populated\">\n\t\t\t\t\t\t<section class=\"elementor-section elementor-inner-section elementor-element elementor-element-1c1e24f elementor-section-boxed elementor-section-height-default elementor-section-height-default\" data-id=\"1c1e24f\" data-element_type=\"section\" data-e-type=\"section\">\n\t\t\t\t\t\t<div class=\"elementor-container elementor-column-gap-default\">\n\t\t\t\t\t<div class=\"elementor-column elementor-col-100 elementor-inner-column elementor-element elementor-element-ccf4c68\" data-id=\"ccf4c68\" data-element_type=\"column\" data-e-type=\"column\">\n\t\t\t<div class=\"elementor-widget-wrap elementor-element-populated\">\n\t\t\t\t\t\t<div class=\"elementor-element elementor-element-0da6a17 elementor-invisible elementor-widget elementor-widget-heading\" data-id=\"0da6a17\" data-element_type=\"widget\" data-e-type=\"widget\" data-settings=\"{&quot;_animation&quot;:&quot;fadeInUp&quot;}\" data-widget_type=\"heading.default\">\n\t\t\t\t<div class=\"elementor-widget-container\">\n\t\t\t\t\t<h1 class=\"elementor-heading-title elementor-size-default\">Impressum<\/h1>\t\t\t\t<\/div>\n\t\t\t\t<\/div>\n\t\t\t\t<div class=\"elementor-element elementor-element-88b2c75 elementor-invisible elementor-widget elementor-widget-text-editor\" data-id=\"88b2c75\" data-element_type=\"widget\" data-e-type=\"widget\" data-settings=\"{&quot;_animation&quot;:&quot;fadeInUp&quot;}\" data-widget_type=\"text-editor.default\">\n\t\t\t\t<div class=\"elementor-widget-container\">\n\t\t\t\t\t\t\t\t\t<p>Medizinische Fakult\u00e4t der Universit\u00e4t Leipzig\u200b<\/p>\t\t\t\t\t\t\t\t<\/div>\n\t\t\t\t<\/div>\n\t\t\t\t<div class=\"elementor-element elementor-element-94f4d87 elementor-invisible elementor-widget elementor-widget-heading\" data-id=\"94f4d87\" data-element_type=\"widget\" data-e-type=\"widget\" data-settings=\"{&quot;_animation&quot;:&quot;fadeInUp&quot;,&quot;_animation_delay&quot;:5}\" data-widget_type=\"heading.default\">\n\t\t\t\t<div class=\"elementor-widget-container\">\n\t\t\t\t\t<h2 class=\"elementor-heading-title elementor-size-default\">Ansprechpartner und rechtliche Bestimmungen<\/h2>\t\t\t\t<\/div>\n\t\t\t\t<\/div>\n\t\t\t\t<div class=\"elementor-element elementor-element-451ab59 elementor-invisible elementor-widget elementor-widget-text-editor\" data-id=\"451ab59\" data-element_type=\"widget\" data-e-type=\"widget\" data-settings=\"{&quot;_animation&quot;:&quot;fadeInUp&quot;,&quot;_animation_delay&quot;:5}\" data-widget_type=\"text-editor.default\">\n\t\t\t\t<div class=\"elementor-widget-container\">\n\t\t\t\t\t\t\t\t\t<p><strong>Anschrift:<\/strong><br \/>Universit\u00e4t Leipzig<br \/>Medizinische Fakult\u00e4t<br \/>Liebigstra\u00dfe 27<br \/>04103 Leipzig<\/p><p>Telefon: 0341 \u2013\u00a097 15910<br \/>Telefax: 0341 \u2013\u00a097 15919<\/p><p>E-Mail:\u00a0presse-mf(at)medizin.uni-leipzig.de<\/p><p>Kein Zugang f\u00fcr elektronisch signierte sowie f\u00fcr verschl\u00fcsselte elektronische Dokumente.<\/p><p>Die Medizinische Fakult\u00e4t ist eine Einrichtung der Universit\u00e4t Leipzig. Die Universit\u00e4t ist eine K\u00f6rperschaft \u00f6ffentlichen Rechts. Sie wird durch die Rektorin Frau Prof. Dr. Eva In\u00e9s Obergfell gesetzlich vertreten. Weitere Informationen, insbesondere zur Aufsichtsbeh\u00f6rde finden sich im\u00a0<a href=\"http:\/\/www.uni-leipzig.de\/service\/impressum.html\">Impressum<\/a>\u00a0der Universit\u00e4t Leipzig. Die Verwaltungsdirektorin (komm.)\u00a0Dr. Kerstin Gr\u00e4tz ist st\u00e4ndige\u00a0Vertreterin des Kanzlers\u00a0f\u00fcr den Bereich der Medizinischen Fakult\u00e4t und leitet die Fakult\u00e4tsverwaltung.<\/p>\t\t\t\t\t\t\t\t<\/div>\n\t\t\t\t<\/div>\n\t\t\t\t<div class=\"elementor-element elementor-element-ce8f579 elementor-invisible elementor-widget elementor-widget-heading\" data-id=\"ce8f579\" data-element_type=\"widget\" data-e-type=\"widget\" data-settings=\"{&quot;_animation&quot;:&quot;fadeInUp&quot;,&quot;_animation_delay&quot;:5}\" data-widget_type=\"heading.default\">\n\t\t\t\t<div class=\"elementor-widget-container\">\n\t\t\t\t\t<h3 class=\"elementor-heading-title elementor-size-default\">Zust\u00e4ndige Aufsichtsbeh\u00f6rde<\/h3>\t\t\t\t<\/div>\n\t\t\t\t<\/div>\n\t\t\t\t<div class=\"elementor-element elementor-element-2cbc2d3 elementor-invisible elementor-widget elementor-widget-text-editor\" data-id=\"2cbc2d3\" data-element_type=\"widget\" data-e-type=\"widget\" data-settings=\"{&quot;_animation&quot;:&quot;fadeInUp&quot;,&quot;_animation_delay&quot;:5}\" data-widget_type=\"text-editor.default\">\n\t\t\t\t<div class=\"elementor-widget-container\">\n\t\t\t\t\t\t\t\t\t<p>S\u00e4chsisches Staatsministerium f\u00fcr Wissenschaft, Kultur und Tourismus<br \/>Wigardstra\u00dfe 17<br \/>01097 Dresden<br \/><a href=\"https:\/\/www.smwk.sachsen.de\/\">www.smwk.de<\/a><\/p><p>Umsatzsteueridentifikationsnummer:\u00a0DE 237186520<\/p>\t\t\t\t\t\t\t\t<\/div>\n\t\t\t\t<\/div>\n\t\t\t\t<div class=\"elementor-element elementor-element-71ac5f8 elementor-invisible elementor-widget elementor-widget-heading\" data-id=\"71ac5f8\" data-element_type=\"widget\" data-e-type=\"widget\" data-settings=\"{&quot;_animation&quot;:&quot;fadeInUp&quot;,&quot;_animation_delay&quot;:5}\" data-widget_type=\"heading.default\">\n\t\t\t\t<div class=\"elementor-widget-container\">\n\t\t\t\t\t<h3 class=\"elementor-heading-title elementor-size-default\">Verantwortlich f\u00fcr den Inhalt der Internetseite www.medi-landkompass.de:<\/h3>\t\t\t\t<\/div>\n\t\t\t\t<\/div>\n\t\t\t\t<div class=\"elementor-element elementor-element-55bb889 elementor-invisible elementor-widget elementor-widget-text-editor\" data-id=\"55bb889\" data-element_type=\"widget\" data-e-type=\"widget\" data-settings=\"{&quot;_animation&quot;:&quot;fadeInUp&quot;,&quot;_animation_delay&quot;:5}\" data-widget_type=\"text-editor.default\">\n\t\t\t\t<div class=\"elementor-widget-container\">\n\t\t\t\t\t\t\t\t\t<p>Dr. Stefan Lippmann<br \/>Projektleiter RegioMed<\/p><p>Institut f\u00fcr Allgemeinmedizin<br \/>Medizinische Fakult\u00e4t der Universit\u00e4t Leipzig<br \/>Ph.-Rosenthal-Str. 55<br \/>04103 Leipzig<\/p><p>Telefon Sekretariat: 0341 \u2013 97 15710<\/p>\t\t\t\t\t\t\t\t<\/div>\n\t\t\t\t<\/div>\n\t\t\t\t<div class=\"elementor-element elementor-element-6bc1ebf elementor-invisible elementor-widget elementor-widget-heading\" data-id=\"6bc1ebf\" data-element_type=\"widget\" data-e-type=\"widget\" data-settings=\"{&quot;_animation&quot;:&quot;fadeInUp&quot;,&quot;_animation_delay&quot;:5}\" data-widget_type=\"heading.default\">\n\t\t\t\t<div class=\"elementor-widget-container\">\n\t\t\t\t\t<h3 class=\"elementor-heading-title elementor-size-default\">Inhalt des Onlineangebotes \u2013 Haftungshinweise<\/h3>\t\t\t\t<\/div>\n\t\t\t\t<\/div>\n\t\t\t\t<div class=\"elementor-element elementor-element-cfab14d elementor-invisible elementor-widget elementor-widget-text-editor\" data-id=\"cfab14d\" data-element_type=\"widget\" data-e-type=\"widget\" data-settings=\"{&quot;_animation&quot;:&quot;fadeInUp&quot;,&quot;_animation_delay&quot;:5}\" data-widget_type=\"text-editor.default\">\n\t\t\t\t<div class=\"elementor-widget-container\">\n\t\t\t\t\t\t\t\t\t<p>F\u00fcr die Richtigkeit, Vollst\u00e4ndigkeit und Aktualit\u00e4t der Inhalte wird keine Gew\u00e4hr \u00fcbernommen. Die Informationen und Inhalte auf www.medi-landkompass.de werden jedoch mit gr\u00f6\u00dfter Sorgfalt und nach bestem Wissen zusammengestellt und gepflegt.<br \/>Die Medizinische Fakult\u00e4t der Universit\u00e4t beh\u00e4lt sich ausdr\u00fccklich vor, Teile der Seiten oder das gesamte Angebot ohne gesonderte Ank\u00fcndigung zu ver\u00e4ndern, zu erg\u00e4nzen, zu l\u00f6schen oder die Ver\u00f6ffentlichung zeitweise oder endg\u00fcltig einzustellen.<\/p>\t\t\t\t\t\t\t\t<\/div>\n\t\t\t\t<\/div>\n\t\t\t\t<div class=\"elementor-element elementor-element-3fe3baf elementor-invisible elementor-widget elementor-widget-heading\" data-id=\"3fe3baf\" data-element_type=\"widget\" data-e-type=\"widget\" data-settings=\"{&quot;_animation&quot;:&quot;fadeInUp&quot;,&quot;_animation_delay&quot;:5}\" data-widget_type=\"heading.default\">\n\t\t\t\t<div class=\"elementor-widget-container\">\n\t\t\t\t\t<h3 class=\"elementor-heading-title elementor-size-default\">Verweise und Links<\/h3>\t\t\t\t<\/div>\n\t\t\t\t<\/div>\n\t\t\t\t<div class=\"elementor-element elementor-element-afd0bf5 elementor-invisible elementor-widget elementor-widget-text-editor\" data-id=\"afd0bf5\" data-element_type=\"widget\" data-e-type=\"widget\" data-settings=\"{&quot;_animation&quot;:&quot;fadeInUp&quot;,&quot;_animation_delay&quot;:5}\" data-widget_type=\"text-editor.default\">\n\t\t\t\t<div class=\"elementor-widget-container\">\n\t\t\t\t\t\t\t\t\t<p>Dieses Internetangebot enth\u00e4lt Links zu externen Webseiten Dritter, auf deren Inhalte die Medizinische Fakult\u00e4t der Universit\u00e4t keinen Einfluss hat. F\u00fcr die Inhalte der verlinkten Seiten ist ausschlie\u00dflich der jeweilige Anbieter oder Betreiber der Seiten verantwortlich. Deshalb wird f\u00fcr diese fremden Inhalte auch keine Gew\u00e4hr \u00fcbernommen.<br \/>Falls von medi-landkompass.de auf Seiten verwiesen wird, deren Inhalt Anlass zu Beanstandungen gibt, wird um eine entsprechende Benachrichtigung an\u00a0saa-regiomed(at)medizin.uni-leipzig.de\u00a0gebeten.<\/p>\t\t\t\t\t\t\t\t<\/div>\n\t\t\t\t<\/div>\n\t\t\t\t<div class=\"elementor-element elementor-element-cd6aec7 elementor-invisible elementor-widget elementor-widget-heading\" data-id=\"cd6aec7\" data-element_type=\"widget\" data-e-type=\"widget\" data-settings=\"{&quot;_animation&quot;:&quot;fadeInUp&quot;,&quot;_animation_delay&quot;:5}\" data-widget_type=\"heading.default\">\n\t\t\t\t<div class=\"elementor-widget-container\">\n\t\t\t\t\t<h3 class=\"elementor-heading-title elementor-size-default\">Urheber- und Kennzeichenrecht<\/h3>\t\t\t\t<\/div>\n\t\t\t\t<\/div>\n\t\t\t\t<div class=\"elementor-element elementor-element-4af4158 elementor-invisible elementor-widget elementor-widget-text-editor\" data-id=\"4af4158\" data-element_type=\"widget\" data-e-type=\"widget\" data-settings=\"{&quot;_animation&quot;:&quot;fadeInUp&quot;,&quot;_animation_delay&quot;:5}\" data-widget_type=\"text-editor.default\">\n\t\t\t\t<div class=\"elementor-widget-container\">\n\t\t\t\t\t\t\t\t\t<p>Die durch die Medizinische Fakult\u00e4t der Universit\u00e4t Leipzig erstellten Inhalte und Werke auf diesen Seiten unterliegen dem deutschen Urheberrecht. Die Vervielf\u00e4ltigung, Bearbeitung, Verbreitung und jede Art der Verwertung au\u00dferhalb der Grenzen des Urheberrechtes bed\u00fcrfen der schriftlichen Zustimmung des jeweiligen Urhebers. Downloads und Kopien dieser Seite sind nur f\u00fcr den privaten, nicht kommerziellen Gebrauch gestattet.<br \/>Soweit die Inhalte auf dieser Seite nicht von der Medizinischen Fakult\u00e4t der Universit\u00e4t Leipzig erstellt wurden, werden die Urheberrechte Dritter beachtet. Insbesondere werden Inhalte Dritter als solche gekennzeichnet. Sollten Sie trotzdem auf eine Urheberrechtsverletzung aufmerksam werden, wird um einen entsprechenden Hinweis gebeten. Bei Bekanntwerden von Rechtsverletzungen werden derartige Inhalte umgehend entfernt.<br \/>Alle innerhalb des Internetangebotes genannten und ggf. durch Dritte gesch\u00fctzten Marken- und Warenzeichen unterliegen uneingeschr\u00e4nkt den Bestimmungen des jeweils g\u00fcltigen Kennzeichenrechts und den Besitzrechten der jeweiligen eingetragenen Eigent\u00fcmer. Allein aufgrund der blo\u00dfen Nennung ist nicht der Schluss zu ziehen, dass Markenzeichen nicht durch Rechte Dritter gesch\u00fctzt sind.<br \/>Das Urheberrecht f\u00fcr alle eigenen Inhalte des Internetauftritts liegt bei der Medizinischen Fakult\u00e4t der Universit\u00e4t Leipzig. Eine Vervielf\u00e4ltigung oder sonstige Verwendung der Inhalte, (z.B. Grafiken, Tondokumente, Videosequenzen und Texte in anderen elektronischen oder gedruckten Publikationen) ist ohne ausdr\u00fcckliche Zustimmung des jeweiligen Urhebers nicht gestattet.<br \/>Die Verwendung von Designelementen der Medizinischen Fakult\u00e4t ist nur mit ausdr\u00fccklicher Zustimmung der Leiterin der Presse- und \u00d6ffentlichkeitsarbeit der Medizinischen Fakult\u00e4t zul\u00e4ssig.<\/p>\t\t\t\t\t\t\t\t<\/div>\n\t\t\t\t<\/div>\n\t\t\t\t<div class=\"elementor-element elementor-element-88384c0 elementor-invisible elementor-widget elementor-widget-heading\" data-id=\"88384c0\" data-element_type=\"widget\" data-e-type=\"widget\" data-settings=\"{&quot;_animation&quot;:&quot;fadeInUp&quot;,&quot;_animation_delay&quot;:5}\" data-widget_type=\"heading.default\">\n\t\t\t\t<div class=\"elementor-widget-container\">\n\t\t\t\t\t<h3 class=\"elementor-heading-title elementor-size-default\">Bildnachweise<\/h3>\t\t\t\t<\/div>\n\t\t\t\t<\/div>\n\t\t\t\t<div class=\"elementor-element elementor-element-2edba19 elementor-invisible elementor-widget elementor-widget-text-editor\" data-id=\"2edba19\" data-element_type=\"widget\" data-e-type=\"widget\" data-settings=\"{&quot;_animation&quot;:&quot;fadeInUp&quot;,&quot;_animation_delay&quot;:5}\" data-widget_type=\"text-editor.default\">\n\t\t\t\t<div class=\"elementor-widget-container\">\n\t\t\t\t\t\t\t\t\t<ul>\n<li>Bild G\u00f6lzschtalbr\u00fccke von <a href=\"https:\/\/www.pxfuel.com\/en\/free-photo-xclmn\">https:\/\/www.pxfuel.com\/en\/free-photo-xclmn<\/a><\/li>\n<li>Bild Sch\u00f6neck von <a href=\"https:\/\/pixabay.com\/de\/users\/simon-3\/?utm_source=link-attribution&amp;utm_medium=referral&amp;utm_campaign=image&amp;utm_content=963411\">Simon<\/a> auf <a href=\"https:\/\/pixabay.com\/de\/?utm_source=link-attribution&amp;utm_medium=referral&amp;utm_campaign=image&amp;utm_content=963411\">Pixabay<\/a><\/li>\n<li>Bild Schloss Greiz von <a href=\"https:\/\/commons.wikimedia.org\/wiki\/File:Csm_unteres_schloss_greiz_728px_cc19f06145.jpg\">https:\/\/commons.wikimedia.org\/wiki\/File:Csm_unteres_schloss_greiz_728px_cc19f06145.jpg<\/a><\/li>\n<li>Urfttalsperre, \u00a9 Eifel Tourismus GmbH, Dominik Ketz <a href=\"https:\/\/www.flickr.com\/photos\/eifelfotos\/26656883769\">https:\/\/www.flickr.com\/photos\/eifelfotos\/26656883769<\/a><\/li>\n<li>Wandern am Pulvermaar (bei Gillenfeld), \u00a9 Eifel Tourismus GmbH, Dominik Ketz <a href=\"https:\/\/www.flickr.com\/photos\/eifelfotos\/16298815306\/\">https:\/\/www.flickr.com\/photos\/eifelfotos\/16298815306\/<\/a><\/li>\n<li>Bild von <a href=\"https:\/\/pixabay.com\/de\/users\/drscythe-2324121\/?utm_source=link-attribution&amp;utm_medium=referral&amp;utm_campaign=image&amp;utm_content=1401869\">DrScythe<\/a> auf <a href=\"https:\/\/pixabay.com\/de\/?utm_source=link-attribution&amp;utm_medium=referral&amp;utm_campaign=image&amp;utm_content=1401869\">Pixabay<\/a><\/li>\n<li>Bild von <a href=\"https:\/\/pixabay.com\/de\/users\/herbert2512-2929941\/?utm_source=link-attribution&amp;utm_medium=referral&amp;utm_campaign=image&amp;utm_content=2408420\">Herbert Aust<\/a> auf <a href=\"https:\/\/pixabay.com\/de\/?utm_source=link-attribution&amp;utm_medium=referral&amp;utm_campaign=image&amp;utm_content=2408420\">Pixabay<\/a><\/li>\n<li>Bild von <a href=\"https:\/\/pixabay.com\/de\/users\/michaelgaida-652234\/?utm_source=link-attribution&amp;utm_medium=referral&amp;utm_campaign=image&amp;utm_content=4390141\">Hands off my tags! Michael Gaida<\/a> auf <a href=\"https:\/\/pixabay.com\/de\/?utm_source=link-attribution&amp;utm_medium=referral&amp;utm_campaign=image&amp;utm_content=4390141\">Pixabay<\/a><\/li>\n<li>Hafen R\u00f6bel M\u00fcritz <a href=\"https:\/\/commons.wikimedia.org\/wiki\/File:R%C3%B6bel_M%C3%BCritz_Hafen_2.JPG\">https:\/\/commons.wikimedia.org\/wiki\/File:R%C3%B6bel_M%C3%BCritz_Hafen_2.JPG<\/a><\/li>\n<li>Soleheilbad <a href=\"https:\/\/www.flickr.com\/photos\/mecklenburg\/8538295138\/\">https:\/\/www.flickr.com\/photos\/mecklenburg\/8538295138\/<\/a><\/li>\n<li>Bild von <a href=\"https:\/\/pixabay.com\/de\/users\/kasabubu-1559919\/?utm_source=link-attribution&amp;utm_medium=referral&amp;utm_campaign=image&amp;utm_content=1775864\">Klaus Stebani<\/a> auf <a href=\"https:\/\/pixabay.com\/de\/?utm_source=link-attribution&amp;utm_medium=referral&amp;utm_campaign=image&amp;utm_content=1775864\">Pixabay<\/a><\/li>\n<li>Bild von <a href=\"https:\/\/pixabay.com\/de\/users\/enjoyyourlife-3019986\/?utm_source=link-attribution&amp;utm_medium=referral&amp;utm_campaign=image&amp;utm_content=1568125\">enjoyyourlife<\/a> auf <a href=\"https:\/\/pixabay.com\/de\/?utm_source=link-attribution&amp;utm_medium=referral&amp;utm_campaign=image&amp;utm_content=1568125\">Pixabay<\/a><\/li>\n<li>Bild von <a href=\"https:\/\/pixabay.com\/de\/users\/mg1310-5111560\/?utm_source=link-attribution&amp;utm_medium=referral&amp;utm_campaign=image&amp;utm_content=2232201\">mg1310<\/a> auf <a href=\"https:\/\/pixabay.com\/de\/?utm_source=link-attribution&amp;utm_medium=referral&amp;utm_campaign=image&amp;utm_content=2232201\">Pixabay<\/a><\/li>\n<li>Bild Schloss Neuschwanstein von M\u00e1rcio Cabral de MouraFolgen<br>&#8222;Castelos Neuschwanstein e Hohenschwangau \/ Neuschwanstein and Hohenschwangau castles&#8220; auf <a href=\"https:\/\/www.flickr.com\/photos\/mcdemoura\/2674674466\">https:\/\/www.flickr.com\/photos\/mcdemoura\/2674674466<\/a>&nbsp;<\/li><li>Bild Rh\u00f6n Region&nbsp;https:\/\/commons.wikimedia.org\/wiki\/File:Hessische_Rh%C3%B6n-Milseburg_042.jpg<\/li>\n<\/ul>\t\t\t\t\t\t\t\t<\/div>\n\t\t\t\t<\/div>\n\t\t\t\t<div class=\"elementor-element elementor-element-9b1f835 elementor-invisible elementor-widget elementor-widget-heading\" data-id=\"9b1f835\" data-element_type=\"widget\" data-e-type=\"widget\" data-settings=\"{&quot;_animation&quot;:&quot;fadeInUp&quot;,&quot;_animation_delay&quot;:5}\" data-widget_type=\"heading.default\">\n\t\t\t\t<div class=\"elementor-widget-container\">\n\t\t\t\t\t<h3 class=\"elementor-heading-title elementor-size-default\">Konzeption, Screen- und UX-Design sowie technische Umsetzung<\/h3>\t\t\t\t<\/div>\n\t\t\t\t<\/div>\n\t\t\t\t<div class=\"elementor-element elementor-element-04a7055 elementor-invisible elementor-widget elementor-widget-text-editor\" data-id=\"04a7055\" data-element_type=\"widget\" data-e-type=\"widget\" data-settings=\"{&quot;_animation&quot;:&quot;fadeInUp&quot;,&quot;_animation_delay&quot;:5}\" data-widget_type=\"text-editor.default\">\n\t\t\t\t<div class=\"elementor-widget-container\">\n\t\t\t\t\t\t\t\t\t<p>groesserals Marketingagentur \u2013 Eine Marke der Gesundheitsforen Leipzig GmbH<\/p><p>Hainstra\u00dfe 16<br>04109 Leipzig<br><a href=\"https:\/\/groesserals.com\/\">www.groesserals.com<\/a><\/p>\t\t\t\t\t\t\t\t<\/div>\n\t\t\t\t<\/div>\n\t\t\t\t<div class=\"elementor-element elementor-element-a7d43cd elementor-invisible elementor-widget elementor-widget-heading\" data-id=\"a7d43cd\" data-element_type=\"widget\" data-e-type=\"widget\" data-settings=\"{&quot;_animation&quot;:&quot;fadeInUp&quot;,&quot;_animation_delay&quot;:5}\" data-widget_type=\"heading.default\">\n\t\t\t\t<div class=\"elementor-widget-container\">\n\t\t\t\t\t<h3 class=\"elementor-heading-title elementor-size-default\">Hinweise und Korrekturen <\/h3>\t\t\t\t<\/div>\n\t\t\t\t<\/div>\n\t\t\t\t<div class=\"elementor-element elementor-element-8bc6923 elementor-invisible elementor-widget elementor-widget-text-editor\" data-id=\"8bc6923\" data-element_type=\"widget\" data-e-type=\"widget\" data-settings=\"{&quot;_animation&quot;:&quot;fadeInUp&quot;,&quot;_animation_delay&quot;:5}\" data-widget_type=\"text-editor.default\">\n\t\t\t\t<div class=\"elementor-widget-container\">\n\t\t\t\t\t\t\t\t\t<p>Bitte senden Sie Hinweise und Korrekturen inhaltlicher und technischer Art an: <a href=\"mailto:saa-regiomed[at]medizin.uni-leipzig.de\">saa-regiomed[at]medizin.uni-leipzig.de<\/a>.<\/p>\t\t\t\t\t\t\t\t<\/div>\n\t\t\t\t<\/div>\n\t\t\t\t\t<\/div>\n\t\t<\/div>\n\t\t\t\t\t<\/div>\n\t\t<\/section>\n\t\t\t\t\t<\/div>\n\t\t<\/div>\n\t\t\t\t\t<\/div>\n\t\t<\/section>\n\t\t\t\t<\/div>\n\t\t","protected":false},"excerpt":{"rendered":"<p>Impressum Medizinische Fakult\u00e4t der Universit\u00e4t Leipzig\u200b Ansprechpartner und rechtliche Bestimmungen Anschrift:Universit\u00e4t LeipzigMedizinische Fakult\u00e4tLiebigstra\u00dfe 2704103 Leipzig Telefon: 0341 \u2013\u00a097 15910Telefax: 0341 \u2013\u00a097 15919 E-Mail:\u00a0presse-mf(at)medizin.uni-leipzig.de Kein Zugang f\u00fcr elektronisch signierte sowie f\u00fcr verschl\u00fcsselte elektronische Dokumente. Die Medizinische Fakult\u00e4t ist eine Einrichtung der Universit\u00e4t Leipzig. Die Universit\u00e4t ist eine K\u00f6rperschaft \u00f6ffentlichen Rechts. Sie wird durch die Rektorin Frau [&hellip;]<\/p>\n","protected":false},"author":1,"featured_media":0,"parent":0,"menu_order":0,"comment_status":"closed","ping_status":"closed","template":"elementor_header_footer","meta":{"footnotes":""},"class_list":["post-777","page","type-page","status-publish","hentry"],"_links":{"self":[{"href":"https:\/\/medi-landkompass.de\/index.php\/wp-json\/wp\/v2\/pages\/777","targetHints":{"allow":["GET"]}}],"collection":[{"href":"https:\/\/medi-landkompass.de\/index.php\/wp-json\/wp\/v2\/pages"}],"about":[{"href":"https:\/\/medi-landkompass.de\/index.php\/wp-json\/wp\/v2\/types\/page"}],"author":[{"embeddable":true,"href":"https:\/\/medi-landkompass.de\/index.php\/wp-json\/wp\/v2\/users\/1"}],"replies":[{"embeddable":true,"href":"https:\/\/medi-landkompass.de\/index.php\/wp-json\/wp\/v2\/comments?post=777"}],"version-history":[{"count":22,"href":"https:\/\/medi-landkompass.de\/index.php\/wp-json\/wp\/v2\/pages\/777\/revisions"}],"predecessor-version":[{"id":23105,"href":"https:\/\/medi-landkompass.de\/index.php\/wp-json\/wp\/v2\/pages\/777\/revisions\/23105"}],"wp:attachment":[{"href":"https:\/\/medi-landkompass.de\/index.php\/wp-json\/wp\/v2\/media?parent=777"}],"curies":[{"name":"wp","href":"https:\/\/api.w.org\/{rel}","templated":true}]}}